{"id":232,"date":"2026-04-14T10:49:27","date_gmt":"2026-04-14T13:49:27","guid":{"rendered":"https:\/\/luminaseva.com\/?page_id=232"},"modified":"2026-04-14T11:24:36","modified_gmt":"2026-04-14T14:24:36","slug":"profesorado-de-yoga-formacion-profesional","status":"publish","type":"page","link":"https:\/\/luminaseva.com\/index.php\/profesorado-de-yoga-formacion-profesional\/","title":{"rendered":"Profesorado de Yoga \u2013 Formaci\u00f3n Profesional"},"content":{"rendered":"\t\t<div data-elementor-type=\"wp-page\" data-elementor-id=\"232\" class=\"elementor elementor-232\">\n\t\t\t\t<div class=\"elementor-element elementor-element-3baa72e e-flex e-con-boxed e-con e-parent\" data-id=\"3baa72e\" data-element_type=\"container\" data-e-type=\"container\" data-settings=\"{&quot;background_background&quot;:&quot;classic&quot;}\">\n\t\t\t\t\t<div class=\"e-con-inner\">\n\t\t<div class=\"elementor-element elementor-element-feb923f e-con-full e-flex e-con e-child\" data-id=\"feb923f\" data-element_type=\"container\" data-e-type=\"container\">\n\t\t\t\t\t\t\t\n\t\t<img class=\"e-image-base e-c370cbc-849d412\" \n\t\t\t\t\tdata-interaction-id=\"c370cbc\" \n\t\t \n\t\t \n\t\t\t\t\t\t\t\t\tid=\"213\"\n\t\t\t\t\t\t\t\t\t\t\t\tsrc=\"https:\/\/luminaseva.com\/wp-content\/uploads\/2026\/04\/IMG_2624-1.jpeg\"\n\t\t\t\t\t\t\t\t\t\t\t\twidth=\"768\"\n\t\t\t\t\t\t\t\t\t\t\t\theight=\"1344\"\n\t\t\t\t\t\t\t\t\t\t\t\tsrcset=\"https:\/\/luminaseva.com\/wp-content\/uploads\/2026\/04\/IMG_2624-1.jpeg 768w, https:\/\/luminaseva.com\/wp-content\/uploads\/2026\/04\/IMG_2624-1-600x1050.jpeg 600w, https:\/\/luminaseva.com\/wp-content\/uploads\/2026\/04\/IMG_2624-1-171x300.jpeg 171w, https:\/\/luminaseva.com\/wp-content\/uploads\/2026\/04\/IMG_2624-1-585x1024.jpeg 585w\"\n\t\t\t\t\t\t\t\t\t\t\t\talt=\"\"\n\t\t\t\t\t\t\/>\n\t\t\t\t\t<\/div>\n\t\t<div class=\"elementor-element elementor-element-2aa6773 e-con-full e-flex e-con e-child\" data-id=\"2aa6773\" data-element_type=\"container\" data-e-type=\"container\">\n\t\t\t\t<div class=\"elementor-element elementor-element-3f3381d elementor-widget elementor-widget-heading\" data-id=\"3f3381d\" data-element_type=\"widget\" data-e-type=\"widget\" data-widget_type=\"heading.default\">\n\t\t\t\t\t<h2 class=\"elementor-heading-title elementor-size-default\">Profesorado Profesional de Yoga <\/h2>\t\t\t\t<\/div>\n\t\t\t\t\t\t\t\t<p class=\"e-paragraph-base\" data-interaction-id=\"f0ce35d\"  >\n\t\t\t\t\t\t\t\t6 m\u00f3dulos + evaluaci\u00f3n final\n\t\t\t\t\t<\/p>\n\t\t\t\t<div class=\"elementor-element elementor-element-8fa425f elementor-widget elementor-widget-shortcode\" data-id=\"8fa425f\" data-element_type=\"widget\" data-e-type=\"widget\" data-widget_type=\"shortcode.default\">\n\t\t\t\t\t\t\t<div class=\"elementor-shortcode\"> <p class=\"product woocommerce add_to_cart_inline \" style=\"border:4px solid #ccc; padding: 12px;\"><span class=\"woocommerce-Price-amount amount\"><bdi><span class=\"woocommerce-Price-currencySymbol\">&#36;<\/span>80.00<\/bdi><\/span><a href=\"\/index.php\/wp-json\/wp\/v2\/pages\/232?add-to-cart=124\" aria-describedby=\"woocommerce_loop_add_to_cart_link_describedby_124\" data-quantity=\"1\" class=\"button wp-element-button product_type_simple add_to_cart_button ajax_add_to_cart\" data-product_id=\"124\" data-product_sku=\"\" aria-label=\"Add to cart: &ldquo;Profesorado de Yoga \u2013 Formaci\u00f3n Profesional&rdquo;\" rel=\"nofollow\" data-success_message=\"&ldquo;Profesorado de Yoga \u2013 Formaci\u00f3n Profesional&rdquo; se agreg\u00f3 al carrito\" role=\"button\">Agregar al carrito<\/a>\t<span id=\"woocommerce_loop_add_to_cart_link_describedby_124\" class=\"screen-reader-text\">\n\t\t\t<\/span>\n<\/p><\/div>\n\t\t\t\t\t\t<\/div>\n\t\t\t\t<\/div>\n\t\t\t\t\t<\/div>\n\t\t\t\t<\/div>\n\t\t<div class=\"elementor-element elementor-element-96a4e43 e-flex e-con-boxed e-con e-parent\" data-id=\"96a4e43\" data-element_type=\"container\" data-e-type=\"container\" data-settings=\"{&quot;background_background&quot;:&quot;classic&quot;}\">\n\t\t\t\t\t<div class=\"e-con-inner\">\n\t\t\t\t<div class=\"elementor-element elementor-element-c21ece3 elementor-widget elementor-widget-text-editor\" data-id=\"c21ece3\" data-element_type=\"widget\" data-e-type=\"widget\" data-widget_type=\"text-editor.default\">\n\t\t\t\t\t\t\t\t\t<p><strong>Cualquier duda o pregunta escrib\u00ed a este link\u00a0<\/strong><img decoding=\"async\" class=\"emoji\" role=\"img\" draggable=\"false\" src=\"https:\/\/s.w.org\/images\/core\/emoji\/17.0.2\/svg\/1f449-1f3fc.svg\" alt=\"\ud83d\udc49\ud83c\udffc\" \/>\u00a0<a href=\"https:\/\/wa.me\/message\/IGAGMAPEGT2FO1\">Lauraluminaseva<\/a><\/p>\t\t\t\t\t\t\t\t<\/div>\n\t\t\t\t<div class=\"elementor-element elementor-element-cab880f elementor-widget elementor-widget-n-accordion\" data-id=\"cab880f\" data-element_type=\"widget\" data-e-type=\"widget\" data-settings=\"{&quot;default_state&quot;:&quot;expanded&quot;,&quot;max_items_expended&quot;:&quot;one&quot;,&quot;n_accordion_animation_duration&quot;:{&quot;unit&quot;:&quot;ms&quot;,&quot;size&quot;:400,&quot;sizes&quot;:[]}}\" data-widget_type=\"nested-accordion.default\">\n\t\t\t\t\t\t\t<div class=\"e-n-accordion\" aria-label=\"Accordion. Open links with Enter or Space, close with Escape, and navigate with Arrow Keys\">\n\t\t\t\t\t\t<details id=\"e-n-accordion-item-2120\" class=\"e-n-accordion-item\" open>\n\t\t\t\t<summary class=\"e-n-accordion-item-title\" data-accordion-index=\"1\" tabindex=\"0\" aria-expanded=\"true\" aria-controls=\"e-n-accordion-item-2120\" >\n\t\t\t\t\t<span class='e-n-accordion-item-title-header'><div class=\"e-n-accordion-item-title-text\"> Sobre la formaci\u00f3n <\/div><\/span>\n\t\t\t\t\t\t\t<span class='e-n-accordion-item-title-icon'>\n\t\t\t<span class='e-opened' ><svg aria-hidden=\"true\" class=\"e-font-icon-svg e-fas-minus\" viewBox=\"0 0 448 512\" xmlns=\"http:\/\/www.w3.org\/2000\/svg\"><path d=\"M416 208H32c-17.67 0-32 14.33-32 32v32c0 17.67 14.33 32 32 32h384c17.67 0 32-14.33 32-32v-32c0-17.67-14.33-32-32-32z\"><\/path><\/svg><\/span>\n\t\t\t<span class='e-closed'><svg aria-hidden=\"true\" class=\"e-font-icon-svg e-fas-plus\" viewBox=\"0 0 448 512\" xmlns=\"http:\/\/www.w3.org\/2000\/svg\"><path d=\"M416 208H272V64c0-17.67-14.33-32-32-32h-32c-17.67 0-32 14.33-32 32v144H32c-17.67 0-32 14.33-32 32v32c0 17.67 14.33 32 32 32h144v144c0 17.67 14.33 32 32 32h32c17.67 0 32-14.33 32-32V304h144c17.67 0 32-14.33 32-32v-32c0-17.67-14.33-32-32-32z\"><\/path><\/svg><\/span>\n\t\t<\/span>\n\n\t\t\t\t\t\t<\/summary>\n\t\t\t\t<div role=\"region\" aria-labelledby=\"e-n-accordion-item-2120\" class=\"elementor-element elementor-element-eea72b3 e-con-full e-flex e-con e-child\" data-id=\"eea72b3\" data-element_type=\"container\" data-e-type=\"container\">\n\t\t\t\t<div class=\"elementor-element elementor-element-4809f79 elementor-widget elementor-widget-text-editor\" data-id=\"4809f79\" data-element_type=\"widget\" data-e-type=\"widget\" data-widget_type=\"text-editor.default\">\n\t\t\t\t\t\t\t\t\t<p>En nuestra formaci\u00f3n no solo aprend\u00e9s a ense\u00f1ar yoga, sino tambi\u00e9n a sostenerte en este camino como una fuente genuina de ingresos, creando una vida con m\u00e1s libertad, coherencia y sentido.<\/p><p>Nuestra certificaci\u00f3n es profesional, avalada por la Federaci\u00f3n Sudamericana de Yoga (FSY), y est\u00e1 dictada por Grand Master de Yoga y abogadas, lo que garantiza una formaci\u00f3n seria, responsable y con bases s\u00f3lidas.<\/p><p>\u00a0<\/p><p>Porque cuando est\u00e1s alineada con tu prop\u00f3sito y actu\u00e1s desde el bien mayor\u2026 las oportunidades empiezan a aparecer.<\/p>\t\t\t\t\t\t\t\t<\/div>\n\t\t\t\t<\/div>\n\t\t\t\t\t<\/details>\n\t\t\t\t\t<\/div>\n\t\t\t\t\t\t<\/div>\n\t\t\t\t\t<\/div>\n\t\t\t\t<\/div>\n\t\t\t\t<\/div>\n\t\t","protected":false},"excerpt":{"rendered":"<p>Profesorado Profesional de Yoga 6 m\u00f3dulos + evaluaci\u00f3n final Cualquier duda o pregunta escrib\u00ed a este link\u00a0\u00a0Lauraluminaseva Sobre la formaci\u00f3n En nuestra formaci\u00f3n no solo aprend\u00e9s a ense\u00f1ar yoga, sino tambi\u00e9n a sostenerte en este camino como una fuente genuina de ingresos, creando una vida con m\u00e1s libertad, coherencia y sentido. Nuestra certificaci\u00f3n es profesional, [&hellip;]<\/p>\n","protected":false},"author":1,"featured_media":0,"parent":0,"menu_order":0,"comment_status":"closed","ping_status":"closed","template":"elementor_header_footer","meta":{"_eb_attr":"","footnotes":""},"class_list":["post-232","page","type-page","status-publish","hentry"],"_hostinger_reach_plugin_has_subscription_block":false,"_hostinger_reach_plugin_is_elementor":false,"_links":{"self":[{"href":"https:\/\/luminaseva.com\/index.php\/wp-json\/wp\/v2\/pages\/232","targetHints":{"allow":["GET"]}}],"collection":[{"href":"https:\/\/luminaseva.com\/index.php\/wp-json\/wp\/v2\/pages"}],"about":[{"href":"https:\/\/luminaseva.com\/index.php\/wp-json\/wp\/v2\/types\/page"}],"author":[{"embeddable":true,"href":"https:\/\/luminaseva.com\/index.php\/wp-json\/wp\/v2\/users\/1"}],"replies":[{"embeddable":true,"href":"https:\/\/luminaseva.com\/index.php\/wp-json\/wp\/v2\/comments?post=232"}],"version-history":[{"count":8,"href":"https:\/\/luminaseva.com\/index.php\/wp-json\/wp\/v2\/pages\/232\/revisions"}],"predecessor-version":[{"id":244,"href":"https:\/\/luminaseva.com\/index.php\/wp-json\/wp\/v2\/pages\/232\/revisions\/244"}],"wp:attachment":[{"href":"https:\/\/luminaseva.com\/index.php\/wp-json\/wp\/v2\/media?parent=232"}],"curies":[{"name":"wp","href":"https:\/\/api.w.org\/{rel}","templated":true}]}}