{"id":175,"date":"2026-04-13T15:04:32","date_gmt":"2026-04-13T18:04:32","guid":{"rendered":"https:\/\/luminaseva.com\/?page_id=175"},"modified":"2026-04-13T23:54:02","modified_gmt":"2026-04-14T02:54:02","slug":"maestria-en-registros-akashicos","status":"publish","type":"page","link":"https:\/\/luminaseva.com\/index.php\/maestria-en-registros-akashicos\/","title":{"rendered":"Maestr\u00eda en Registros Ak\u00e1shicos"},"content":{"rendered":"\t\t<div data-elementor-type=\"wp-page\" data-elementor-id=\"175\" class=\"elementor elementor-175\">\n\t\t\t\t<div class=\"elementor-element elementor-element-587e639 e-flex e-con-boxed e-con e-parent\" data-id=\"587e639\" data-element_type=\"container\" data-e-type=\"container\" data-settings=\"{&quot;background_background&quot;:&quot;gradient&quot;}\">\n\t\t\t\t\t<div class=\"e-con-inner\">\n\t\t<div class=\"elementor-element elementor-element-4e5a757 e-con-full e-flex e-con e-child\" data-id=\"4e5a757\" data-element_type=\"container\" data-e-type=\"container\">\n\t\t\t\t\t\t\t\n\t\t<img class=\"e-image-base e-91fceea-a3f88e0\" \n\t\t\t\t\tdata-interaction-id=\"91fceea\" \n\t\t \n\t\t \n\t\t\t\t\t\t\t\t\tid=\"166\"\n\t\t\t\t\t\t\t\t\t\t\t\tsrc=\"https:\/\/luminaseva.com\/wp-content\/uploads\/2026\/04\/Captura-de-pantalla-2026-04-06-173417-1.png\"\n\t\t\t\t\t\t\t\t\t\t\t\twidth=\"1401\"\n\t\t\t\t\t\t\t\t\t\t\t\theight=\"791\"\n\t\t\t\t\t\t\t\t\t\t\t\tsrcset=\"https:\/\/luminaseva.com\/wp-content\/uploads\/2026\/04\/Captura-de-pantalla-2026-04-06-173417-1.png 1401w, https:\/\/luminaseva.com\/wp-content\/uploads\/2026\/04\/Captura-de-pantalla-2026-04-06-173417-1-600x339.png 600w, https:\/\/luminaseva.com\/wp-content\/uploads\/2026\/04\/Captura-de-pantalla-2026-04-06-173417-1-300x169.png 300w, https:\/\/luminaseva.com\/wp-content\/uploads\/2026\/04\/Captura-de-pantalla-2026-04-06-173417-1-1024x578.png 1024w, https:\/\/luminaseva.com\/wp-content\/uploads\/2026\/04\/Captura-de-pantalla-2026-04-06-173417-1-768x434.png 768w\"\n\t\t\t\t\t\t\t\t\t\t\t\talt=\"\"\n\t\t\t\t\t\t\/>\n\t\t\t\t\t<\/div>\n\t\t<div class=\"elementor-element elementor-element-9dbb1e2 e-con-full e-flex e-con e-child\" data-id=\"9dbb1e2\" data-element_type=\"container\" data-e-type=\"container\">\n\t\t\t\t\t\t\t<h2 \n\t\tdata-interaction-id=\"3599f97\" \n\t\tclass=\"e-heading-base\" \n\t\t \n\t\t\n\t>\n\t\n\t\t\tMaestria en Registros Akashicos\n\t\t<\/h2>\n\t\t\t\t<div class=\"elementor-element elementor-element-32248f3 elementor-widget elementor-widget-text-editor\" data-id=\"32248f3\" data-element_type=\"widget\" data-e-type=\"widget\" data-widget_type=\"text-editor.default\">\n\t\t\t\t\t\t\t\t\t<p>&#8220;El nivel m\u00e1ximo de formaci\u00f3n. Afina tu percepci\u00f3n \u00fanica (claris), conecta con tus maestros y descubr\u00ed c\u00f3mo guiar a otros hacia su misi\u00f3n de vida.&#8221;<\/p>\t\t\t\t\t\t\t\t<\/div>\n\t\t\t\t<div class=\"elementor-element elementor-element-e5539c1 elementor-widget elementor-widget-shortcode\" data-id=\"e5539c1\" data-element_type=\"widget\" data-e-type=\"widget\" data-widget_type=\"shortcode.default\">\n\t\t\t\t\t\t\t<div class=\"elementor-shortcode\"><p class=\"product woocommerce add_to_cart_inline \" style=\"border:4px solid #ccc; padding: 12px;\"><span class=\"woocommerce-Price-amount amount\"><bdi><span class=\"woocommerce-Price-currencySymbol\">&#36;<\/span>50.00<\/bdi><\/span><a href=\"\/index.php\/wp-json\/wp\/v2\/pages\/175?add-to-cart=123\" aria-describedby=\"woocommerce_loop_add_to_cart_link_describedby_123\" data-quantity=\"1\" class=\"button wp-element-button product_type_simple add_to_cart_button ajax_add_to_cart\" data-product_id=\"123\" data-product_sku=\"\" aria-label=\"Add to cart: &ldquo;Maestr\u00eda en Registros Ak\u00e1shicos&rdquo;\" rel=\"nofollow\" data-success_message=\"&ldquo;Maestr\u00eda en Registros Ak\u00e1shicos&rdquo; se agreg\u00f3 al carrito\" role=\"button\">Agregar al carrito<\/a>\t<span id=\"woocommerce_loop_add_to_cart_link_describedby_123\" class=\"screen-reader-text\">\n\t\t\t<\/span>\n<\/p><\/div>\n\t\t\t\t\t\t<\/div>\n\t\t\t\t<\/div>\n\t\t\t\t\t<\/div>\n\t\t\t\t<\/div>\n\t\t<div class=\"elementor-element elementor-element-b59f9b2 e-flex e-con-boxed e-con e-parent\" data-id=\"b59f9b2\" data-element_type=\"container\" data-e-type=\"container\" data-settings=\"{&quot;background_background&quot;:&quot;gradient&quot;}\">\n\t\t\t\t\t<div class=\"e-con-inner\">\n\t\t\t\t<div class=\"elementor-element elementor-element-bb11b87 elementor-widget elementor-widget-text-editor\" data-id=\"bb11b87\" data-element_type=\"widget\" data-e-type=\"widget\" data-widget_type=\"text-editor.default\">\n\t\t\t\t\t\t\t\t\t<p><strong>Cualquier duda o pregunta escrib\u00ed a este link\u00a0<\/strong><img decoding=\"async\" class=\"emoji\" role=\"img\" draggable=\"false\" src=\"https:\/\/s.w.org\/images\/core\/emoji\/17.0.2\/svg\/1f449-1f3fc.svg\" alt=\"\ud83d\udc49\ud83c\udffc\" \/><a href=\"https:\/\/wa.me\/message\/IGAGMAPEGT2FO1\">Lauraluminaseva<\/a><\/p>\t\t\t\t\t\t\t\t<\/div>\n\t\t\t\t<div class=\"elementor-element elementor-element-a290934 elementor-widget elementor-widget-text-editor\" data-id=\"a290934\" data-element_type=\"widget\" data-e-type=\"widget\" data-widget_type=\"text-editor.default\">\n\t\t\t\t\t\t\t\t\t<blockquote data-path-to-node=\"3\"><p data-path-to-node=\"3,1\">La Maestr\u00eda no se trata de ver &#8220;m\u00e1s cosas&#8221;, sino de expandir la conciencia y la responsabilidad con la informaci\u00f3n que recib\u00eds. Es el paso definitivo: de observar escenas sueltas a comprender la historia completa del alma.<\/p><ul data-path-to-node=\"3,2\"><li><p data-path-to-node=\"3,2,0,0\"><b data-path-to-node=\"3,2,0,0\" data-index-in-node=\"0\">Canalizaci\u00f3n Pura:<\/b> Conexi\u00f3n directa y n\u00edtida con gu\u00edas y maestros.<\/p><\/li><li><p data-path-to-node=\"3,2,1,0\"><b data-path-to-node=\"3,2,1,0\" data-index-in-node=\"0\">Acompa\u00f1amiento de Sanaci\u00f3n:<\/b> Dej\u00e1s de ser solo un lector para convertirte en un facilitador que acompa\u00f1a procesos profundos.<\/p><\/li><li><p data-path-to-node=\"3,2,2,0\"><b data-path-to-node=\"3,2,2,0\" data-index-in-node=\"0\">Misi\u00f3n de Vida:<\/b> Comprend\u00e9s tu prop\u00f3sito y afin\u00e1s tu capacidad para ayudar a otros a ver el suyo con claridad.<\/p><\/li><\/ul><p data-path-to-node=\"3,3\"><i data-path-to-node=\"3,3\" data-index-in-node=\"0\">&#8220;En este nivel se pule tu forma \u00fanica de percibir, integrando todos tus &#8216;claris&#8217; para que tu canal sea una herramienta aut\u00e9ntica de servicio.&#8221;<\/i><\/p><\/blockquote>\t\t\t\t\t\t\t\t<\/div>\n\t\t\t\t\t<\/div>\n\t\t\t\t<\/div>\n\t\t\t\t<\/div>\n\t\t","protected":false},"excerpt":{"rendered":"<p>Maestria en Registros Akashicos &#8220;El nivel m\u00e1ximo de formaci\u00f3n. Afina tu percepci\u00f3n \u00fanica (claris), conecta con tus maestros y descubr\u00ed c\u00f3mo guiar a otros hacia su misi\u00f3n de vida.&#8221; Cualquier duda o pregunta escrib\u00ed a este link\u00a0Lauraluminaseva La Maestr\u00eda no se trata de ver &#8220;m\u00e1s cosas&#8221;, sino de expandir la conciencia y la responsabilidad con [&hellip;]<\/p>\n","protected":false},"author":1,"featured_media":0,"parent":0,"menu_order":0,"comment_status":"closed","ping_status":"closed","template":"elementor_header_footer","meta":{"_eb_attr":"","footnotes":""},"class_list":["post-175","page","type-page","status-publish","hentry"],"_hostinger_reach_plugin_has_subscription_block":false,"_hostinger_reach_plugin_is_elementor":false,"_links":{"self":[{"href":"https:\/\/luminaseva.com\/index.php\/wp-json\/wp\/v2\/pages\/175","targetHints":{"allow":["GET"]}}],"collection":[{"href":"https:\/\/luminaseva.com\/index.php\/wp-json\/wp\/v2\/pages"}],"about":[{"href":"https:\/\/luminaseva.com\/index.php\/wp-json\/wp\/v2\/types\/page"}],"author":[{"embeddable":true,"href":"https:\/\/luminaseva.com\/index.php\/wp-json\/wp\/v2\/users\/1"}],"replies":[{"embeddable":true,"href":"https:\/\/luminaseva.com\/index.php\/wp-json\/wp\/v2\/comments?post=175"}],"version-history":[{"count":7,"href":"https:\/\/luminaseva.com\/index.php\/wp-json\/wp\/v2\/pages\/175\/revisions"}],"predecessor-version":[{"id":231,"href":"https:\/\/luminaseva.com\/index.php\/wp-json\/wp\/v2\/pages\/175\/revisions\/231"}],"wp:attachment":[{"href":"https:\/\/luminaseva.com\/index.php\/wp-json\/wp\/v2\/media?parent=175"}],"curies":[{"name":"wp","href":"https:\/\/api.w.org\/{rel}","templated":true}]}}