{"id":169,"date":"2026-04-13T13:47:22","date_gmt":"2026-04-13T16:47:22","guid":{"rendered":"https:\/\/luminaseva.com\/?page_id=169"},"modified":"2026-04-13T23:50:49","modified_gmt":"2026-04-14T02:50:49","slug":"formacion-registros-akashicos-niveles-1-2-y-3","status":"publish","type":"page","link":"https:\/\/luminaseva.com\/index.php\/formacion-registros-akashicos-niveles-1-2-y-3\/","title":{"rendered":"Formaci\u00f3n Registros Ak\u00e1shicos (Niveles 1, 2 y 3)"},"content":{"rendered":"\t\t<div data-elementor-type=\"wp-page\" data-elementor-id=\"169\" class=\"elementor elementor-169\">\n\t\t\t\t<div class=\"elementor-element elementor-element-db93d4b e-flex e-con-boxed e-con e-parent\" data-id=\"db93d4b\" data-element_type=\"container\" data-e-type=\"container\" data-settings=\"{&quot;background_background&quot;:&quot;gradient&quot;}\">\n\t\t\t\t\t<div class=\"e-con-inner\">\n\t\t<div class=\"elementor-element elementor-element-032137c e-con-full e-flex e-con e-child\" data-id=\"032137c\" data-element_type=\"container\" data-e-type=\"container\">\n\t\t\t\t\t\t\t\n\t\t<img class=\"e-image-base e-af394fb-858cbf5\" \n\t\t\t\t\tdata-interaction-id=\"af394fb\" \n\t\t \n\t\t \n\t\t\t\t\t\t\t\t\tid=\"218\"\n\t\t\t\t\t\t\t\t\t\t\t\tsrc=\"https:\/\/luminaseva.com\/wp-content\/uploads\/2026\/04\/IMG_2623.jpeg\"\n\t\t\t\t\t\t\t\t\t\t\t\twidth=\"1080\"\n\t\t\t\t\t\t\t\t\t\t\t\theight=\"2160\"\n\t\t\t\t\t\t\t\t\t\t\t\tsrcset=\"https:\/\/luminaseva.com\/wp-content\/uploads\/2026\/04\/IMG_2623.jpeg 1080w, https:\/\/luminaseva.com\/wp-content\/uploads\/2026\/04\/IMG_2623-600x1200.jpeg 600w, https:\/\/luminaseva.com\/wp-content\/uploads\/2026\/04\/IMG_2623-150x300.jpeg 150w, https:\/\/luminaseva.com\/wp-content\/uploads\/2026\/04\/IMG_2623-512x1024.jpeg 512w, https:\/\/luminaseva.com\/wp-content\/uploads\/2026\/04\/IMG_2623-768x1536.jpeg 768w, https:\/\/luminaseva.com\/wp-content\/uploads\/2026\/04\/IMG_2623-1024x2048.jpeg 1024w\"\n\t\t\t\t\t\t\t\t\t\t\t\talt=\"\"\n\t\t\t\t\t\t\/>\n\t\t\t\t\t<\/div>\n\t\t<div class=\"elementor-element elementor-element-21185ff e-con-full e-flex e-con e-child\" data-id=\"21185ff\" data-element_type=\"container\" data-e-type=\"container\">\n\t\t\t\t<div class=\"elementor-element elementor-element-a8a2cec elementor-widget elementor-widget-heading\" data-id=\"a8a2cec\" data-element_type=\"widget\" data-e-type=\"widget\" data-widget_type=\"heading.default\">\n\t\t\t\t\t<h2 class=\"elementor-heading-title elementor-size-default\">Formaci\u00f3n Registros Ak\u00e1shicos (Niveles 1, 2 y 3)<\/h2>\t\t\t\t<\/div>\n\t\t\t\t\t\t\t\t<p class=\"e-paragraph-base\" data-interaction-id=\"7b7bab7\"  >\n\t\t\t\t\t\t\t\t2 modalidades<br>duracion: 3 horas\n\t\t\t\t\t<\/p>\n\t\t\t\t<div class=\"elementor-element elementor-element-52b61cb elementor-widget elementor-widget-shortcode\" data-id=\"52b61cb\" data-element_type=\"widget\" data-e-type=\"widget\" data-widget_type=\"shortcode.default\">\n\t\t\t\t\t\t\t<div class=\"elementor-shortcode\"><p class=\"product woocommerce add_to_cart_inline \" style=\"border:4px solid #ccc; padding: 12px;\"><span class=\"woocommerce-Price-amount amount\"><bdi><span class=\"woocommerce-Price-currencySymbol\">&#36;<\/span>60.00<\/bdi><\/span><a href=\"\/index.php\/wp-json\/wp\/v2\/pages\/169?add-to-cart=122\" aria-describedby=\"woocommerce_loop_add_to_cart_link_describedby_122\" data-quantity=\"1\" class=\"button wp-element-button product_type_simple add_to_cart_button ajax_add_to_cart\" data-product_id=\"122\" data-product_sku=\"\" aria-label=\"Add to cart: &ldquo;Formaci\u00f3n Registros Ak\u00e1shicos (Niveles 1, 2 y 3)&rdquo;\" rel=\"nofollow\" data-success_message=\"&ldquo;Formaci\u00f3n Registros Ak\u00e1shicos (Niveles 1, 2 y 3)&rdquo; se agreg\u00f3 al carrito\" role=\"button\">Agregar al carrito<\/a>\t<span id=\"woocommerce_loop_add_to_cart_link_describedby_122\" class=\"screen-reader-text\">\n\t\t\t<\/span>\n<\/p><\/div>\n\t\t\t\t\t\t<\/div>\n\t\t\t\t<\/div>\n\t\t\t\t\t<\/div>\n\t\t\t\t<\/div>\n\t\t<div class=\"elementor-element elementor-element-ac7c2f5 e-flex e-con-boxed e-con e-parent\" data-id=\"ac7c2f5\" data-element_type=\"container\" data-e-type=\"container\" data-settings=\"{&quot;background_background&quot;:&quot;gradient&quot;}\">\n\t\t\t\t\t<div class=\"e-con-inner\">\n\t\t<div class=\"elementor-element elementor-element-44d9a8d e-con-full e-flex e-con e-child\" data-id=\"44d9a8d\" data-element_type=\"container\" data-e-type=\"container\">\n\t\t\t\t<div class=\"elementor-element elementor-element-6076802 elementor-widget elementor-widget-text-editor\" data-id=\"6076802\" data-element_type=\"widget\" data-e-type=\"widget\" data-widget_type=\"text-editor.default\">\n\t\t\t\t\t\t\t\t\t<p><strong>Cualquier duda o pregunta escrib\u00ed a este link\u00a0<\/strong><img decoding=\"async\" class=\"emoji\" role=\"img\" draggable=\"false\" src=\"https:\/\/s.w.org\/images\/core\/emoji\/17.0.2\/svg\/1f449-1f3fc.svg\" alt=\"\ud83d\udc49\ud83c\udffc\" \/><a href=\"https:\/\/wa.me\/message\/IGAGMAPEGT2FO1\">Lauraluminaseva<\/a><\/p>\t\t\t\t\t\t\t\t<\/div>\n\t\t\t\t\t\t\t\t<p class=\"e-paragraph-base\" data-interaction-id=\"81938df\"  >\n\t\t\t\t\t\t\t\t<strong>Modalidades de la formaci\u00f3n<\/strong><br>La formaci\u00f3n tiene dos modalidades:<br><br><strong>1. Modalidad grabada (Nivel 1 y 3)<\/strong><br>Duraci\u00f3n aproximada de 3 horas, con un encuentro de aproximadamente 2 horas conmigo para obtener la certificaci\u00f3n de lector.<br><br><strong>2. Modalidad en vivo por Zoom<\/strong><br>Duraci\u00f3n aproximada de 6 horas (estar atentos a las fechas publicadas).<br><br><strong>Acceso<\/strong><br>El acceso a la grabaci\u00f3n es por 7 d\u00edas.<br><br>En ambos casos, la formaci\u00f3n en vivo les habilitar\u00e1 un grupo de WhatsApp, al cual ser\u00e1n invitados una vez terminada la formaci\u00f3n.En este espacio nos reunimos una vez al mes o mensualmente para practicar y despejar dudas. Dado que el entrenamiento hace al maestro.\n\t\t\t\t\t<\/p>\n\t\t\t\t<\/div>\n\t\t\t\t\t<\/div>\n\t\t\t\t<\/div>\n\t\t\t\t<\/div>\n\t\t","protected":false},"excerpt":{"rendered":"<p>Formaci\u00f3n Registros Ak\u00e1shicos (Niveles 1, 2 y 3) 2 modalidadesduracion: 3 horas Cualquier duda o pregunta escrib\u00ed a este link\u00a0Lauraluminaseva Modalidades de la formaci\u00f3nLa formaci\u00f3n tiene dos modalidades: 1. Modalidad grabada (Nivel 1 y 3)Duraci\u00f3n aproximada de 3 horas, con un encuentro de aproximadamente 2 horas conmigo para obtener la certificaci\u00f3n de lector. 2. Modalidad [&hellip;]<\/p>\n","protected":false},"author":1,"featured_media":0,"parent":0,"menu_order":0,"comment_status":"closed","ping_status":"closed","template":"elementor_header_footer","meta":{"_eb_attr":"","footnotes":""},"class_list":["post-169","page","type-page","status-publish","hentry"],"_hostinger_reach_plugin_has_subscription_block":false,"_hostinger_reach_plugin_is_elementor":false,"_links":{"self":[{"href":"https:\/\/luminaseva.com\/index.php\/wp-json\/wp\/v2\/pages\/169","targetHints":{"allow":["GET"]}}],"collection":[{"href":"https:\/\/luminaseva.com\/index.php\/wp-json\/wp\/v2\/pages"}],"about":[{"href":"https:\/\/luminaseva.com\/index.php\/wp-json\/wp\/v2\/types\/page"}],"author":[{"embeddable":true,"href":"https:\/\/luminaseva.com\/index.php\/wp-json\/wp\/v2\/users\/1"}],"replies":[{"embeddable":true,"href":"https:\/\/luminaseva.com\/index.php\/wp-json\/wp\/v2\/comments?post=169"}],"version-history":[{"count":7,"href":"https:\/\/luminaseva.com\/index.php\/wp-json\/wp\/v2\/pages\/169\/revisions"}],"predecessor-version":[{"id":228,"href":"https:\/\/luminaseva.com\/index.php\/wp-json\/wp\/v2\/pages\/169\/revisions\/228"}],"wp:attachment":[{"href":"https:\/\/luminaseva.com\/index.php\/wp-json\/wp\/v2\/media?parent=169"}],"curies":[{"name":"wp","href":"https:\/\/api.w.org\/{rel}","templated":true}]}}